{"id":2542,"date":"2022-05-10T13:44:12","date_gmt":"2022-05-10T13:44:12","guid":{"rendered":"https:\/\/veerlekracht.nl\/?page_id=2542"},"modified":"2023-10-30T20:21:39","modified_gmt":"2023-10-30T20:21:39","slug":"kidz-adviesraad","status":"publish","type":"page","link":"https:\/\/veerlekracht.nl\/nl\/kidz-adviesraad\/","title":{"rendered":"Kidz Adviesraad"},"content":{"rendered":"\t\t<div data-elementor-type=\"wp-page\" data-elementor-id=\"2542\" class=\"elementor elementor-2542\">\n\t\t\t\t\t\t<section class=\"elementor-section elementor-top-section elementor-element elementor-element-5d334d03 elementor-section-content-middle elementor-section-boxed elementor-section-height-default elementor-section-height-default\" data-id=\"5d334d03\" data-element_type=\"section\" data-e-type=\"section\" data-settings=\"{&quot;background_background&quot;:&quot;gradient&quot;}\">\n\t\t\t\t\t\t\t<div class=\"elementor-background-overlay\"><\/div>\n\t\t\t\t\t\t\t<div class=\"elementor-container elementor-column-gap-wide\">\n\t\t\t\t\t<div class=\"elementor-column elementor-col-100 elementor-top-column elementor-element elementor-element-6f8564a3\" data-id=\"6f8564a3\" data-element_type=\"column\" data-e-type=\"column\">\n\t\t\t<div class=\"elementor-widget-wrap elementor-element-populated\">\n\t\t\t\t\t\t<div class=\"elementor-element elementor-element-2e0c8f6d elementor-widget elementor-widget-heading\" data-id=\"2e0c8f6d\" data-element_type=\"widget\" data-e-type=\"widget\" data-widget_type=\"heading.default\">\n\t\t\t\t<div class=\"elementor-widget-container\">\n\t\t\t\t\t<h2 class=\"elementor-heading-title elementor-size-default\">Kidz Adviesraad<\/h2>\t\t\t\t<\/div>\n\t\t\t\t<\/div>\n\t\t\t\t<div class=\"elementor-element elementor-element-32b9f630 elementor-widget-divider--view-line elementor-widget elementor-widget-divider\" data-id=\"32b9f630\" data-element_type=\"widget\" data-e-type=\"widget\" data-widget_type=\"divider.default\">\n\t\t\t\t<div class=\"elementor-widget-container\">\n\t\t\t\t\t\t\t<div class=\"elementor-divider\">\n\t\t\t<span class=\"elementor-divider-separator\">\n\t\t\t\t\t\t<\/span>\n\t\t<\/div>\n\t\t\t\t\t\t<\/div>\n\t\t\t\t<\/div>\n\t\t\t\t<div class=\"elementor-element elementor-element-2dc3b38e elementor-widget elementor-widget-image\" data-id=\"2dc3b38e\" data-element_type=\"widget\" data-e-type=\"widget\" data-widget_type=\"image.default\">\n\t\t\t\t<div class=\"elementor-widget-container\">\n\t\t\t\t\t\t\t\t\t\t\t\t\t\t\t<img fetchpriority=\"high\" decoding=\"async\" width=\"768\" height=\"576\" src=\"https:\/\/veerlekracht.nl\/wp-content\/uploads\/2022\/05\/WhatsApp-Image-2022-05-20-at-2.35.10-PM-768x576.jpeg\" class=\"attachment-medium_large size-medium_large wp-image-2974\" alt=\"\" srcset=\"https:\/\/veerlekracht.nl\/wp-content\/uploads\/2022\/05\/WhatsApp-Image-2022-05-20-at-2.35.10-PM-768x576.jpeg 768w, https:\/\/veerlekracht.nl\/wp-content\/uploads\/2022\/05\/WhatsApp-Image-2022-05-20-at-2.35.10-PM-300x225.jpeg 300w, https:\/\/veerlekracht.nl\/wp-content\/uploads\/2022\/05\/WhatsApp-Image-2022-05-20-at-2.35.10-PM.jpeg 1024w\" sizes=\"(max-width: 768px) 100vw, 768px\" \/>\t\t\t\t\t\t\t\t\t\t\t\t\t\t\t<\/div>\n\t\t\t\t<\/div>\n\t\t\t\t<div class=\"elementor-element elementor-element-51bcb2a4 elementor-widget elementor-widget-text-editor\" data-id=\"51bcb2a4\" data-element_type=\"widget\" data-e-type=\"widget\" data-widget_type=\"text-editor.default\">\n\t\t\t\t<div class=\"elementor-widget-container\">\n\t\t\t\t\t\t\t\t\t<p><span style=\"font-style: inherit; font-weight: inherit; background-color: transparent;\">Stichting Veer(le)kracht is er v\u00f3\u00f3r kinderen, maar laat zich ook heel graag inspireren d\u00f3\u00f3r kinderen. Want kinderen zitten barstensvol goede idee\u00ebn en geven maar wat graag hun eerlijke mening. Iets wat wij niet onbenut willen laten. Daarom is de Veer(le)kracht Kidz Adviesraad in het leven geroepen, een adviesraad die onder leiding stond van Veerle (en nu vaart op haar energie) en die verder bestaat uit haar zusje Laurine, en een aantal van haar vriendinnen, vrienden, nichten en neven. De Kidz Adviesraad geeft het bestuur gevraagd en ongevraagd advies over grote en kleine besluiten van Stichting Veer(le)kracht. En dat advies nemen we natuurlijk ter harte. Zo gaven de kinderen hun adviesorgaan zelf de naam Kidz Adviesraad en hadden zij de doorslaggevende stem in de keuze voor het prachtige Veer(le)krachtlogo.<\/span><\/p>\t\t\t\t\t\t\t\t<\/div>\n\t\t\t\t<\/div>\n\t\t\t\t\t<\/div>\n\t\t<\/div>\n\t\t\t\t\t<\/div>\n\t\t<\/section>\n\t\t\t\t<\/div>\n\t\t","protected":false},"excerpt":{"rendered":"<p>Kidz Adviesraad Stichting Veer(le)kracht is er v\u00f3\u00f3r kinderen, maar laat zich ook heel graag inspireren d\u00f3\u00f3r kinderen. Want kinderen zitten barstensvol goede idee\u00ebn en geven maar wat graag hun eerlijke mening. Iets wat wij niet onbenut willen laten. Daarom is de Veer(le)kracht Kidz Adviesraad in het leven geroepen, een adviesraad die onder leiding stond van [&hellip;]<\/p>\n","protected":false},"author":1,"featured_media":0,"parent":0,"menu_order":0,"comment_status":"closed","ping_status":"closed","template":"","meta":{"_acf_changed":false,"site-sidebar-layout":"no-sidebar","site-content-layout":"page-builder","ast-site-content-layout":"","site-content-style":"default","site-sidebar-style":"default","ast-global-header-display":"","ast-banner-title-visibility":"","ast-main-header-display":"","ast-hfb-above-header-display":"","ast-hfb-below-header-display":"","ast-hfb-mobile-header-display":"","site-post-title":"disabled","ast-breadcrumbs-content":"","ast-featured-img":"disabled","footer-sml-layout":"","theme-transparent-header-meta":"","adv-header-id-meta":"","stick-header-meta":"","header-above-stick-meta":"","header-main-stick-meta":"","header-below-stick-meta":"","astra-migrate-meta-layouts":"default","ast-page-background-enabled":"default","ast-page-background-meta":{"desktop":{"background-color":"","background-image":"","background-repeat":"repeat","background-position":"center center","background-size":"auto","background-attachment":"scroll","background-type":"","background-media":"","overlay-type":"","overlay-color":"","overlay-opacity":"","overlay-gradient":""},"tablet":{"background-color":"","background-image":"","background-repeat":"repeat","background-position":"center center","background-size":"auto","background-attachment":"scroll","background-type":"","background-media":"","overlay-type":"","overlay-color":"","overlay-opacity":"","overlay-gradient":""},"mobile":{"background-color":"","background-image":"","background-repeat":"repeat","background-position":"center center","background-size":"auto","background-attachment":"scroll","background-type":"","background-media":"","overlay-type":"","overlay-color":"","overlay-opacity":"","overlay-gradient":""}},"ast-content-background-meta":{"desktop":{"background-color":"var(--ast-global-color-5)","background-image":"","background-repeat":"repeat","background-position":"center center","background-size":"auto","background-attachment":"scroll","background-type":"","background-media":"","overlay-type":"","overlay-color":"","overlay-opacity":"","overlay-gradient":""},"tablet":{"background-color":"var(--ast-global-color-5)","background-image":"","background-repeat":"repeat","background-position":"center center","background-size":"auto","background-attachment":"scroll","background-type":"","background-media":"","overlay-type":"","overlay-color":"","overlay-opacity":"","overlay-gradient":""},"mobile":{"background-color":"var(--ast-global-color-5)","background-image":"","background-repeat":"repeat","background-position":"center center","background-size":"auto","background-attachment":"scroll","background-type":"","background-media":"","overlay-type":"","overlay-color":"","overlay-opacity":"","overlay-gradient":""}},"footnotes":""},"class_list":["post-2542","page","type-page","status-publish","hentry"],"acf":[],"_links":{"self":[{"href":"https:\/\/veerlekracht.nl\/nl\/wp-json\/wp\/v2\/pages\/2542","targetHints":{"allow":["GET"]}}],"collection":[{"href":"https:\/\/veerlekracht.nl\/nl\/wp-json\/wp\/v2\/pages"}],"about":[{"href":"https:\/\/veerlekracht.nl\/nl\/wp-json\/wp\/v2\/types\/page"}],"author":[{"embeddable":true,"href":"https:\/\/veerlekracht.nl\/nl\/wp-json\/wp\/v2\/users\/1"}],"replies":[{"embeddable":true,"href":"https:\/\/veerlekracht.nl\/nl\/wp-json\/wp\/v2\/comments?post=2542"}],"version-history":[{"count":44,"href":"https:\/\/veerlekracht.nl\/nl\/wp-json\/wp\/v2\/pages\/2542\/revisions"}],"predecessor-version":[{"id":4186,"href":"https:\/\/veerlekracht.nl\/nl\/wp-json\/wp\/v2\/pages\/2542\/revisions\/4186"}],"wp:attachment":[{"href":"https:\/\/veerlekracht.nl\/nl\/wp-json\/wp\/v2\/media?parent=2542"}],"curies":[{"name":"wp","href":"https:\/\/api.w.org\/{rel}","templated":true}]}}